{"id":262,"date":"2023-09-25T15:40:36","date_gmt":"2023-09-25T15:40:36","guid":{"rendered":"https:\/\/benoitsurvivaliste.com\/?page_id=262"},"modified":"2024-08-14T10:14:05","modified_gmt":"2024-08-14T14:14:05","slug":"cours-prives","status":"publish","type":"page","link":"https:\/\/benoitsurvivaliste.com\/en\/cours-prives\/","title":{"rendered":"Private training"},"content":{"rendered":"\t\t<div data-elementor-type=\"wp-post\" data-elementor-id=\"262\" class=\"elementor elementor-262\" data-elementor-post-type=\"page\">\n\t\t\t\t\t\t<section class=\"elementor-section elementor-top-section elementor-element elementor-element-a51b9aa elementor-section-stretched elementor-section-boxed elementor-section-height-default elementor-section-height-default\" data-id=\"a51b9aa\" data-element_type=\"section\" data-e-type=\"section\" data-settings=\"{&quot;stretch_section&quot;:&quot;section-stretched&quot;,&quot;background_background&quot;:&quot;classic&quot;}\">\n\t\t\t\t\t\t<div class=\"elementor-container elementor-column-gap-default\">\n\t\t\t\t\t<div class=\"elementor-column elementor-col-50 elementor-top-column elementor-element elementor-element-e6b0779\" data-id=\"e6b0779\" data-element_type=\"column\" data-e-type=\"column\">\n\t\t\t<div class=\"elementor-widget-wrap elementor-element-populated\">\n\t\t\t\t\t\t<div class=\"elementor-element elementor-element-d4f51d4 elementor-widget elementor-widget-heading\" data-id=\"d4f51d4\" data-element_type=\"widget\" data-e-type=\"widget\" data-widget_type=\"heading.default\">\n\t\t\t\t<div class=\"elementor-widget-container\">\n\t\t\t\t\t<h2 class=\"elementor-heading-title elementor-size-default\">Formation priv\u00e9e<\/h2>\t\t\t\t<\/div>\n\t\t\t\t<\/div>\n\t\t\t\t<div class=\"elementor-element elementor-element-394da97 elementor-widget-mobile__width-initial elementor-widget elementor-widget-text-editor\" data-id=\"394da97\" data-element_type=\"widget\" data-e-type=\"widget\" data-widget_type=\"text-editor.default\">\n\t\t\t\t<div class=\"elementor-widget-container\">\n\t\t\t\t\t\t\t\t\t<p><span style=\"font-style: inherit; font-weight: inherit;\">Vous venez \u00e0 ma base autonome durable (BAD) o\u00f9 vous visiterez l&rsquo;int\u00e9rieur<\/span>\u00a0de la base ainsi que\u00a0<span style=\"font-style: inherit; font-weight: inherit;\">l&rsquo;ext\u00e9rieur qui se fera en VTT (inclus avec la formation).<\/span><\/p><p><span style=\"font-style: inherit; font-weight: inherit;\">Formation de qualit\u00e9 \u00e0 votre rythme et selon vos besoins.<\/span><\/p><p>Pr\u00e9voyez d&rsquo;apporter votre lunch et collation.\u00a0<span style=\"font-style: inherit; font-weight: inherit;\">Crayon, bloc-note, cahier avec des feuilles informatives sur plusieurs sujets et une bouteille d&rsquo;eau seront offerts gratuitement sur place.\u00a0<\/span><\/p><p><span style=\"font-style: inherit; font-weight: inherit;\">Nous discuteront aussi de la pr\u00e9paration de diff\u00e9rentes r\u00e9serves ainsi que de plusieurs points importants.\u00a0<\/span><\/p><p><span style=\"font-style: inherit; font-weight: inherit;\">Prix :\u00a0<br \/>&#8211; Seul :\u00a0 \u00a0 \u00a0 \u00a0 \u00a0 \u00a0 \u00a0 \u00a0 \u00a0 \u00a0 \u00a0 \u00a0 \u00a0 \u00a0 600$<br \/>&#8211; Deux personnes :\u00a0 \u00a0 \u00a0 350$ chaque<\/span><span style=\"font-style: inherit; font-weight: inherit;\"><br \/>&#8211; Trois personnes :\u00a0 \u00a0 \u00a0 250$ chaque<\/span><br \/>&#8211; En groupe (4-8 personnes.):\u00a0 \u00a0200$ chaque<\/p><p><span style=\"font-family: poppins, sans-serif;\">+ taxes\u00a0\u00a0<\/span><span style=\"font-style: inherit; font-weight: inherit;\"><br \/><\/span><\/p><p>Possibilit\u00e9 de souper en extra.<br \/><span style=\"font-style: inherit;\"><b>Menu<\/b><\/span><span style=\"font-style: inherit; font-weight: inherit;\"> : filet mignon et accompagnement (cuit au feu \u00e0 l\u2019ext\u00e9rieur si la temp\u00e9rature le permet) sinon \u00e0 l&rsquo;int\u00e9rieur en cas de pluie.<br \/><\/span><span style=\"font-style: inherit; font-weight: inherit;\">Une bouteille de sirops d&rsquo;\u00e9rable faite sur place est offerte gratuitement apr\u00e8s le souper, ainsi qu&rsquo;une bouteille de vin pour deux personnes, lors du r\u00e9pas. Discussion autour du feu jusqu&rsquo;\u00e0 20h.\u00a0<br \/><\/span><span style=\"font-style: inherit; font-weight: inherit;\">100$<\/span><span style=\"font-style: inherit; font-weight: inherit;\">\u00a0<\/span><span style=\"font-style: inherit; font-weight: inherit;\">par adulte et 50$<\/span><span style=\"font-style: inherit; font-weight: inherit;\">\u00a0par enfant (- 18ans), payable sur place \u00e0 partir de 17h30.\u00a0<\/span><\/p><p><span style=\"font-style: inherit;\"><b>R\u00e9servation n\u00e9cessaire.<br \/><\/b><\/span><span style=\"font-style: inherit; font-weight: inherit;\">Pour les personnes seules, en couple, en famille ou en groupe.\u00a0<\/span><\/p>\t\t\t\t\t\t\t\t<\/div>\n\t\t\t\t<\/div>\n\t\t\t\t\t<\/div>\n\t\t<\/div>\n\t\t\t\t<div class=\"elementor-column elementor-col-50 elementor-top-column elementor-element elementor-element-c244945\" data-id=\"c244945\" data-element_type=\"column\" data-e-type=\"column\">\n\t\t\t<div class=\"elementor-widget-wrap elementor-element-populated\">\n\t\t\t\t\t\t<div class=\"elementor-element elementor-element-e12a75c elementor-widget elementor-widget-image\" data-id=\"e12a75c\" data-element_type=\"widget\" data-e-type=\"widget\" data-widget_type=\"image.default\">\n\t\t\t\t<div class=\"elementor-widget-container\">\n\t\t\t\t\t\t\t\t\t\t\t\t\t\t\t<img fetchpriority=\"high\" decoding=\"async\" width=\"1024\" height=\"576\" src=\"https:\/\/benoitsurvivaliste.com\/wp-content\/uploads\/2023\/09\/lesoleilsanslogo-1024x576.jpg\" class=\"attachment-large size-large wp-image-915\" alt=\"\" srcset=\"https:\/\/benoitsurvivaliste.com\/wp-content\/uploads\/2023\/09\/lesoleilsanslogo-1024x576.jpg 1024w, https:\/\/benoitsurvivaliste.com\/wp-content\/uploads\/2023\/09\/lesoleilsanslogo-300x169.jpg 300w, https:\/\/benoitsurvivaliste.com\/wp-content\/uploads\/2023\/09\/lesoleilsanslogo-768x432.jpg 768w, https:\/\/benoitsurvivaliste.com\/wp-content\/uploads\/2023\/09\/lesoleilsanslogo-1536x864.jpg 1536w, https:\/\/benoitsurvivaliste.com\/wp-content\/uploads\/2023\/09\/lesoleilsanslogo-18x10.jpg 18w, https:\/\/benoitsurvivaliste.com\/wp-content\/uploads\/2023\/09\/lesoleilsanslogo-1320x743.jpg 1320w, https:\/\/benoitsurvivaliste.com\/wp-content\/uploads\/2023\/09\/lesoleilsanslogo.jpg 1850w\" sizes=\"(max-width: 1024px) 100vw, 1024px\" \/>\t\t\t\t\t\t\t\t\t\t\t\t\t\t\t<\/div>\n\t\t\t\t<\/div>\n\t\t<div class=\"elementor-element elementor-element-5152de5 e-flex e-con-boxed e-con e-parent\" data-id=\"5152de5\" data-element_type=\"container\" data-e-type=\"container\">\n\t\t\t\t\t<div class=\"e-con-inner\">\n\t\t\t\t<div class=\"elementor-element elementor-element-81f9865 elementor-widget elementor-widget-heading\" data-id=\"81f9865\" data-element_type=\"widget\" data-e-type=\"widget\" data-widget_type=\"heading.default\">\n\t\t\t\t<div class=\"elementor-widget-container\">\n\t\t\t\t\t<h2 class=\"elementor-heading-title elementor-size-default\">R\u00c9SERVEZ MAINTENANT<\/h2>\t\t\t\t<\/div>\n\t\t\t\t<\/div>\n\t\t\t\t<div class=\"elementor-element elementor-element-5275b1c elementor-widget elementor-widget-heading\" data-id=\"5275b1c\" data-element_type=\"widget\" data-e-type=\"widget\" data-widget_type=\"heading.default\">\n\t\t\t\t<div class=\"elementor-widget-container\">\n\t\t\t\t\t<h5 class=\"elementor-heading-title elementor-size-default\">(Formation donn\u00e9e au deux semaines)<\/h5>\t\t\t\t<\/div>\n\t\t\t\t<\/div>\n\t\t\t\t<div class=\"elementor-element elementor-element-37a1392 elementor-widget elementor-widget-heading\" data-id=\"37a1392\" data-element_type=\"widget\" data-e-type=\"widget\" data-widget_type=\"heading.default\">\n\t\t\t\t<div class=\"elementor-widget-container\">\n\t\t\t\t\t<h5 class=\"elementor-heading-title elementor-size-default\">Formation le vendredi et dimanche disponible sur demande<\/h5>\t\t\t\t<\/div>\n\t\t\t\t<\/div>\n\t\t\t\t<div class=\"elementor-element elementor-element-e80b827 elementor-widget__width-initial elementor-widget elementor-widget-image\" data-id=\"e80b827\" data-element_type=\"widget\" data-e-type=\"widget\" data-widget_type=\"image.default\">\n\t\t\t\t<div class=\"elementor-widget-container\">\n\t\t\t\t\t\t\t\t\t\t\t\t\t\t\t<img decoding=\"async\" src=\"https:\/\/benoitsurvivaliste.com\/wp-content\/uploads\/2024\/03\/icons8-fleche-50.png\" title=\"icons8-fl\u00e8che-50\" alt=\"icons8-fl\u00e8che-50\" loading=\"lazy\" \/>\t\t\t\t\t\t\t\t\t\t\t\t\t\t\t<\/div>\n\t\t\t\t<\/div>\n\t\t\t\t\t<\/div>\n\t\t\t\t<\/div>\n\t\t\t\t\t<\/div>\n\t\t<\/div>\n\t\t\t\t\t<\/div>\n\t\t<\/section>\n\t\t<div class=\"elementor-element elementor-element-f590ba7 e-flex e-con-boxed e-con e-parent\" data-id=\"f590ba7\" data-element_type=\"container\" data-e-type=\"container\" data-settings=\"{&quot;background_background&quot;:&quot;classic&quot;}\">\n\t\t\t\t\t<div class=\"e-con-inner\">\n\t\t\t\t<div class=\"elementor-element elementor-element-5907d7b elementor-widget elementor-widget-spacer\" data-id=\"5907d7b\" data-element_type=\"widget\" data-e-type=\"widget\" data-widget_type=\"spacer.default\">\n\t\t\t\t<div class=\"elementor-widget-container\">\n\t\t\t\t\t\t\t<div class=\"elementor-spacer\">\n\t\t\t<div class=\"elementor-spacer-inner\"><\/div>\n\t\t<\/div>\n\t\t\t\t\t\t<\/div>\n\t\t\t\t<\/div>\n\t\t\t\t<div class=\"elementor-element elementor-element-a764570 elementor-widget elementor-widget-heading\" data-id=\"a764570\" data-element_type=\"widget\" data-e-type=\"widget\" data-widget_type=\"heading.default\">\n\t\t\t\t<div class=\"elementor-widget-container\">\n\t\t\t\t\t<h2 class=\"elementor-heading-title elementor-size-default\">Calendrier de formation\u200b<\/h2>\t\t\t\t<\/div>\n\t\t\t\t<\/div>\n\t\t\t\t<div class=\"elementor-element elementor-element-483f7d4 elementor-widget elementor-widget-heading\" data-id=\"483f7d4\" data-element_type=\"widget\" data-e-type=\"widget\" data-widget_type=\"heading.default\">\n\t\t\t\t<div class=\"elementor-widget-container\">\n\t\t\t\t\t<p class=\"elementor-heading-title elementor-size-default\">S\u00e9lectionnez la formation qui capte le plus votre int\u00e9r\u00eat en cliquant soit sur la bo\u00eete color\u00e9e affichant le nom de la formation, soit sur la liste \u00e0 droite, en tenant compte de la date qui vous convient. De plus, notez qu'en haut du calendrier, \u00e0 c\u00f4t\u00e9 du mois, des fl\u00e8ches sont disponibles pour changer le mois sur le calendrier des formations.<\/p>\t\t\t\t<\/div>\n\t\t\t\t<\/div>\n\t\t\t\t<div class=\"elementor-element elementor-element-b7bf082 elementor-widget elementor-widget-ameliaevents\" data-id=\"b7bf082\" data-element_type=\"widget\" data-e-type=\"widget\" data-widget_type=\"ameliaevents.default\">\n\t\t\t\t<div class=\"elementor-widget-container\">\n\t\t\t\t\t<script>\n  if (typeof hasAmeliaEvent === 'undefined') {\n    var hasAmeliaEvent = true;\n  }\n  if (typeof hasEventApiCall === 'undefined' && '' === '') {\n    var hasEventApiCall = true;\n  }\n  var hasEventShortcode = (typeof hasEventShortcode === 'undefined') ? false : true;\n  var bookingEntitiesIds = (typeof bookingEntitiesIds === 'undefined') ? [] : bookingEntitiesIds;\n  bookingEntitiesIds.push(\n    {\n      'hasApiCall': (typeof hasEventApiCall !== 'undefined') && hasEventApiCall,\n      'trigger': '',\n      'counter': '0',\n      'employee': '',\n      'eventId': '194',\n      'eventRecurring': 1,\n      'eventTag': \"\"\n    }\n  );\n  var lazyBookingEntitiesIds = (typeof lazyBookingEntitiesIds === 'undefined') ? [] : lazyBookingEntitiesIds;\n  if (bookingEntitiesIds[bookingEntitiesIds.length - 1].trigger !== '') {\n    lazyBookingEntitiesIds.push(bookingEntitiesIds.pop());\n  }\n  if (typeof hasEventApiCall !== 'undefined' && hasEventApiCall) {\n    hasEventApiCall = false;\n  }\n<\/script>\n\n<div id=\"amelia-app-booking0\" class=\"amelia-service amelia-frontend amelia-app-booking\">\n    <events-calendar><\/events-calendar><\/div>\n\t\t\t\t<\/div>\n\t\t\t\t<\/div>\n\t\t\t\t<div class=\"elementor-element elementor-element-9542a15 elementor-widget elementor-widget-spacer\" data-id=\"9542a15\" data-element_type=\"widget\" data-e-type=\"widget\" data-widget_type=\"spacer.default\">\n\t\t\t\t<div class=\"elementor-widget-container\">\n\t\t\t\t\t\t\t<div class=\"elementor-spacer\">\n\t\t\t<div class=\"elementor-spacer-inner\"><\/div>\n\t\t<\/div>\n\t\t\t\t\t\t<\/div>\n\t\t\t\t<\/div>\n\t\t\t\t\t<\/div>\n\t\t\t\t<\/div>\n\t\t\t\t<\/div>\n\t\t","protected":false},"excerpt":{"rendered":"<p>Formation priv\u00e9e Vous venez \u00e0 ma base autonome durable (BAD) o\u00f9 vous visiterez l&rsquo;int\u00e9rieur\u00a0de la base ainsi que\u00a0l&rsquo;ext\u00e9rieur qui se fera en VTT (inclus avec la formation). Formation de qualit\u00e9 \u00e0 votre rythme et selon vos besoins. Pr\u00e9voyez d&rsquo;apporter votre lunch et collation.\u00a0Crayon, bloc-note, cahier avec des feuilles informatives sur plusieurs sujets et une bouteille [&hellip;]<\/p>\n","protected":false},"author":1,"featured_media":3001,"parent":0,"menu_order":0,"comment_status":"closed","ping_status":"closed","template":"","meta":{"_monsterinsights_skip_tracking":false,"_monsterinsights_sitenote_active":false,"_monsterinsights_sitenote_note":"","_monsterinsights_sitenote_category":0,"site-sidebar-layout":"no-sidebar","site-content-layout":"","ast-site-content-layout":"full-width-container","site-content-style":"default","site-sidebar-style":"default","ast-global-header-display":"","ast-banner-title-visibility":"","ast-main-header-display":"","ast-hfb-above-header-display":"","ast-hfb-below-header-display":"","ast-hfb-mobile-header-display":"","site-post-title":"disabled","ast-breadcrumbs-content":"","ast-featured-img":"disabled","footer-sml-layout":"","theme-transparent-header-meta":"","adv-header-id-meta":"","stick-header-meta":"","header-above-stick-meta":"","header-main-stick-meta":"","header-below-stick-meta":"","astra-migrate-meta-layouts":"default","ast-page-background-enabled":"default","ast-page-background-meta":{"desktop":{"background-color":"var(--ast-global-color-4)","background-image":"","background-repeat":"repeat","background-position":"center center","background-size":"auto","background-attachment":"scroll","background-type":"","background-media":"","overlay-type":"","overlay-color":"","overlay-opacity":"","overlay-gradient":""},"tablet":{"background-color":"","background-image":"","background-repeat":"repeat","background-position":"center center","background-size":"auto","background-attachment":"scroll","background-type":"","background-media":"","overlay-type":"","overlay-color":"","overlay-opacity":"","overlay-gradient":""},"mobile":{"background-color":"","background-image":"","background-repeat":"repeat","background-position":"center center","background-size":"auto","background-attachment":"scroll","background-type":"","background-media":"","overlay-type":"","overlay-color":"","overlay-opacity":"","overlay-gradient":""}},"ast-content-background-meta":{"desktop":{"background-color":"var(--ast-global-color-5)","background-image":"","background-repeat":"repeat","background-position":"center center","background-size":"auto","background-attachment":"scroll","background-type":"","background-media":"","overlay-type":"","overlay-color":"","overlay-opacity":"","overlay-gradient":""},"tablet":{"background-color":"var(--ast-global-color-5)","background-image":"","background-repeat":"repeat","background-position":"center center","background-size":"auto","background-attachment":"scroll","background-type":"","background-media":"","overlay-type":"","overlay-color":"","overlay-opacity":"","overlay-gradient":""},"mobile":{"background-color":"var(--ast-global-color-5)","background-image":"","background-repeat":"repeat","background-position":"center center","background-size":"auto","background-attachment":"scroll","background-type":"","background-media":"","overlay-type":"","overlay-color":"","overlay-opacity":"","overlay-gradient":""}},"footnotes":""},"class_list":["post-262","page","type-page","status-publish","has-post-thumbnail","hentry"],"aioseo_notices":[],"_links":{"self":[{"href":"https:\/\/benoitsurvivaliste.com\/en\/wp-json\/wp\/v2\/pages\/262","targetHints":{"allow":["GET"]}}],"collection":[{"href":"https:\/\/benoitsurvivaliste.com\/en\/wp-json\/wp\/v2\/pages"}],"about":[{"href":"https:\/\/benoitsurvivaliste.com\/en\/wp-json\/wp\/v2\/types\/page"}],"author":[{"embeddable":true,"href":"https:\/\/benoitsurvivaliste.com\/en\/wp-json\/wp\/v2\/users\/1"}],"replies":[{"embeddable":true,"href":"https:\/\/benoitsurvivaliste.com\/en\/wp-json\/wp\/v2\/comments?post=262"}],"version-history":[{"count":25,"href":"https:\/\/benoitsurvivaliste.com\/en\/wp-json\/wp\/v2\/pages\/262\/revisions"}],"predecessor-version":[{"id":5308,"href":"https:\/\/benoitsurvivaliste.com\/en\/wp-json\/wp\/v2\/pages\/262\/revisions\/5308"}],"wp:featuredmedia":[{"embeddable":true,"href":"https:\/\/benoitsurvivaliste.com\/en\/wp-json\/wp\/v2\/media\/3001"}],"wp:attachment":[{"href":"https:\/\/benoitsurvivaliste.com\/en\/wp-json\/wp\/v2\/media?parent=262"}],"curies":[{"name":"wp","href":"https:\/\/api.w.org\/{rel}","templated":true}]}}