{"id":2738,"date":"2023-11-08T10:38:01","date_gmt":"2023-11-08T14:38:01","guid":{"rendered":"https:\/\/benoitsurvivaliste.com\/?page_id=2738"},"modified":"2024-03-13T12:30:03","modified_gmt":"2024-03-13T16:30:03","slug":"formation-corporative","status":"publish","type":"page","link":"https:\/\/benoitsurvivaliste.com\/en\/formation-corporative\/","title":{"rendered":"Formation corporative"},"content":{"rendered":"<div data-elementor-type=\"wp-post\" data-elementor-id=\"2738\" class=\"elementor elementor-2738\" data-elementor-post-type=\"page\">\n\t\t\t\t\t\t<section class=\"elementor-section elementor-top-section elementor-element elementor-element-65a50a2 elementor-section-stretched elementor-section-boxed elementor-section-height-default elementor-section-height-default\" data-id=\"65a50a2\" data-element_type=\"section\" data-e-type=\"section\" data-settings=\"{&quot;stretch_section&quot;:&quot;section-stretched&quot;,&quot;background_background&quot;:&quot;classic&quot;}\">\n\t\t\t\t\t\t<div class=\"elementor-container elementor-column-gap-default\">\n\t\t\t\t\t<div class=\"elementor-column elementor-col-50 elementor-top-column elementor-element elementor-element-02c9da9\" data-id=\"02c9da9\" data-element_type=\"column\" data-e-type=\"column\">\n\t\t\t<div class=\"elementor-widget-wrap elementor-element-populated\">\n\t\t\t\t\t\t<div class=\"elementor-element elementor-element-7167c02 elementor-widget elementor-widget-heading\" data-id=\"7167c02\" data-element_type=\"widget\" data-e-type=\"widget\" data-widget_type=\"heading.default\">\n\t\t\t\t<div class=\"elementor-widget-container\">\n\t\t\t\t\t<h2 class=\"elementor-heading-title elementor-size-default\">Formation corporative<\/h2>\t\t\t\t<\/div>\n\t\t\t\t<\/div>\n\t\t\t\t<div class=\"elementor-element elementor-element-a96387b elementor-widget-mobile__width-initial elementor-widget elementor-widget-text-editor\" data-id=\"a96387b\" data-element_type=\"widget\" data-e-type=\"widget\" data-widget_type=\"text-editor.default\">\n\t\t\t\t<div class=\"elementor-widget-container\">\n\t\t\t\t\t\t\t\t\t<p>This training aims to strengthen team cohesion while providing the necessary skills to deal with unforeseen situations, such as a power outage. What do you do if, in the middle of a workday, the electricity is cut off? How do you react? What are the appropriate reflexes when facing the unexpected?<\/p>\t\t\t\t\t\t\t\t<\/div>\n\t\t\t\t<\/div>\n\t\t\t\t<div class=\"elementor-element elementor-element-6c32155 elementor-widget elementor-widget-button\" data-id=\"6c32155\" data-element_type=\"widget\" data-e-type=\"widget\" data-widget_type=\"button.default\">\n\t\t\t\t<div class=\"elementor-widget-container\">\n\t\t\t\t\t\t\t\t\t<div class=\"elementor-button-wrapper\">\n\t\t\t\t\t<a class=\"elementor-button elementor-button-link elementor-size-sm\" href=\"https:\/\/benoitsurvivaliste.com\/en\/contact\/\">\n\t\t\t\t\t\t<span class=\"elementor-button-content-wrapper\">\n\t\t\t\t\t\t\t\t\t<span class=\"elementor-button-text\">CONTACT US<\/span>\n\t\t\t\t\t<\/span>\n\t\t\t\t\t<\/a>\n\t\t\t\t<\/div>\n\t\t\t\t\t\t\t\t<\/div>\n\t\t\t\t<\/div>\n\t\t\t\t\t<\/div>\n\t\t<\/div>\n\t\t\t\t<div class=\"elementor-column elementor-col-50 elementor-top-column elementor-element elementor-element-b354f0d\" data-id=\"b354f0d\" data-element_type=\"column\" data-e-type=\"column\">\n\t\t\t<div class=\"elementor-widget-wrap elementor-element-populated\">\n\t\t\t\t\t\t<div class=\"elementor-element elementor-element-647d4ef elementor-widget elementor-widget-image\" data-id=\"647d4ef\" data-element_type=\"widget\" data-e-type=\"widget\" data-widget_type=\"image.default\">\n\t\t\t\t<div class=\"elementor-widget-container\">\n\t\t\t\t\t\t\t\t\t\t\t\t\t\t\t<img fetchpriority=\"high\" decoding=\"async\" width=\"1024\" height=\"684\" src=\"https:\/\/benoitsurvivaliste.com\/wp-content\/uploads\/2023\/11\/MONTAGE-BENOIT-1024x684.jpg\" class=\"attachment-large size-large wp-image-3278\" alt=\"\" srcset=\"https:\/\/benoitsurvivaliste.com\/wp-content\/uploads\/2023\/11\/MONTAGE-BENOIT-1024x684.jpg 1024w, https:\/\/benoitsurvivaliste.com\/wp-content\/uploads\/2023\/11\/MONTAGE-BENOIT-300x200.jpg 300w, https:\/\/benoitsurvivaliste.com\/wp-content\/uploads\/2023\/11\/MONTAGE-BENOIT-768x513.jpg 768w, https:\/\/benoitsurvivaliste.com\/wp-content\/uploads\/2023\/11\/MONTAGE-BENOIT-1536x1025.jpg 1536w, https:\/\/benoitsurvivaliste.com\/wp-content\/uploads\/2023\/11\/MONTAGE-BENOIT-2048x1367.jpg 2048w, https:\/\/benoitsurvivaliste.com\/wp-content\/uploads\/2023\/11\/MONTAGE-BENOIT-18x12.jpg 18w, https:\/\/benoitsurvivaliste.com\/wp-content\/uploads\/2023\/11\/MONTAGE-BENOIT-1320x881.jpg 1320w\" sizes=\"(max-width: 1024px) 100vw, 1024px\" \/>\t\t\t\t\t\t\t\t\t\t\t\t\t\t\t<\/div>\n\t\t\t\t<\/div>\n\t\t\t\t\t<\/div>\n\t\t<\/div>\n\t\t\t\t\t<\/div>\n\t\t<\/section>\n\t\t\t\t<\/div>","protected":false},"excerpt":{"rendered":"<p>Formation corporative Cette formation vise \u00e0 renforcer la coh\u00e9sion au sein de votre \u00e9quipe tout en fournissant les comp\u00e9tences n\u00e9cessaires pour faire face \u00e0 des situations impr\u00e9vues, comme une panne de courant. Que faites-vous si en plein milieu d&rsquo;une journ\u00e9e de travail l&rsquo;\u00e9lectricit\u00e9 est coup\u00e9e ? Comment r\u00e9agissez-vous? Quels sont les r\u00e9flexes appropri\u00e9s face \u00e0 [&hellip;]<\/p>\n","protected":false},"author":1,"featured_media":0,"parent":0,"menu_order":0,"comment_status":"closed","ping_status":"closed","template":"","meta":{"_monsterinsights_skip_tracking":false,"_monsterinsights_sitenote_active":false,"_monsterinsights_sitenote_note":"","_monsterinsights_sitenote_category":0,"site-sidebar-layout":"no-sidebar","site-content-layout":"","ast-site-content-layout":"full-width-container","site-content-style":"default","site-sidebar-style":"default","ast-global-header-display":"","ast-banner-title-visibility":"","ast-main-header-display":"","ast-hfb-above-header-display":"","ast-hfb-below-header-display":"","ast-hfb-mobile-header-display":"","site-post-title":"disabled","ast-breadcrumbs-content":"","ast-featured-img":"disabled","footer-sml-layout":"","theme-transparent-header-meta":"","adv-header-id-meta":"","stick-header-meta":"","header-above-stick-meta":"","header-main-stick-meta":"","header-below-stick-meta":"","astra-migrate-meta-layouts":"default","ast-page-background-enabled":"default","ast-page-background-meta":{"desktop":{"background-color":"var(--ast-global-color-4)","background-image":"","background-repeat":"repeat","background-position":"center center","background-size":"auto","background-attachment":"scroll","background-type":"","background-media":"","overlay-type":"","overlay-color":"","overlay-opacity":"","overlay-gradient":""},"tablet":{"background-color":"","background-image":"","background-repeat":"repeat","background-position":"center center","background-size":"auto","background-attachment":"scroll","background-type":"","background-media":"","overlay-type":"","overlay-color":"","overlay-opacity":"","overlay-gradient":""},"mobile":{"background-color":"","background-image":"","background-repeat":"repeat","background-position":"center center","background-size":"auto","background-attachment":"scroll","background-type":"","background-media":"","overlay-type":"","overlay-color":"","overlay-opacity":"","overlay-gradient":""}},"ast-content-background-meta":{"desktop":{"background-color":"var(--ast-global-color-5)","background-image":"","background-repeat":"repeat","background-position":"center center","background-size":"auto","background-attachment":"scroll","background-type":"","background-media":"","overlay-type":"","overlay-color":"","overlay-opacity":"","overlay-gradient":""},"tablet":{"background-color":"var(--ast-global-color-5)","background-image":"","background-repeat":"repeat","background-position":"center center","background-size":"auto","background-attachment":"scroll","background-type":"","background-media":"","overlay-type":"","overlay-color":"","overlay-opacity":"","overlay-gradient":""},"mobile":{"background-color":"var(--ast-global-color-5)","background-image":"","background-repeat":"repeat","background-position":"center center","background-size":"auto","background-attachment":"scroll","background-type":"","background-media":"","overlay-type":"","overlay-color":"","overlay-opacity":"","overlay-gradient":""}},"footnotes":""},"class_list":["post-2738","page","type-page","status-publish","hentry"],"aioseo_notices":[],"_links":{"self":[{"href":"https:\/\/benoitsurvivaliste.com\/en\/wp-json\/wp\/v2\/pages\/2738","targetHints":{"allow":["GET"]}}],"collection":[{"href":"https:\/\/benoitsurvivaliste.com\/en\/wp-json\/wp\/v2\/pages"}],"about":[{"href":"https:\/\/benoitsurvivaliste.com\/en\/wp-json\/wp\/v2\/types\/page"}],"author":[{"embeddable":true,"href":"https:\/\/benoitsurvivaliste.com\/en\/wp-json\/wp\/v2\/users\/1"}],"replies":[{"embeddable":true,"href":"https:\/\/benoitsurvivaliste.com\/en\/wp-json\/wp\/v2\/comments?post=2738"}],"version-history":[{"count":25,"href":"https:\/\/benoitsurvivaliste.com\/en\/wp-json\/wp\/v2\/pages\/2738\/revisions"}],"predecessor-version":[{"id":4478,"href":"https:\/\/benoitsurvivaliste.com\/en\/wp-json\/wp\/v2\/pages\/2738\/revisions\/4478"}],"wp:attachment":[{"href":"https:\/\/benoitsurvivaliste.com\/en\/wp-json\/wp\/v2\/media?parent=2738"}],"curies":[{"name":"wp","href":"https:\/\/api.w.org\/{rel}","templated":true}]}}