{"id":40,"date":"2023-09-21T18:24:02","date_gmt":"2023-09-21T18:24:02","guid":{"rendered":"https:\/\/benoitsurvivaliste.com\/reportage\/"},"modified":"2023-11-10T10:15:25","modified_gmt":"2023-11-10T14:15:25","slug":"reportage","status":"publish","type":"page","link":"https:\/\/benoitsurvivaliste.com\/en\/reportage\/","title":{"rendered":"Reports"},"content":{"rendered":"<div data-elementor-type=\"wp-page\" data-elementor-id=\"40\" class=\"elementor elementor-40\" data-elementor-post-type=\"page\">\n\t\t\t\t\t\t<section class=\"elementor-section elementor-top-section elementor-element elementor-element-2624ec4c elementor-section-stretched elementor-section-boxed elementor-section-height-default elementor-section-height-default\" data-id=\"2624ec4c\" data-element_type=\"section\" data-e-type=\"section\" data-settings=\"{&quot;stretch_section&quot;:&quot;section-stretched&quot;,&quot;background_background&quot;:&quot;classic&quot;}\">\n\t\t\t\t\t\t<div class=\"elementor-container elementor-column-gap-default\">\n\t\t\t\t\t<div class=\"elementor-column elementor-col-100 elementor-top-column elementor-element elementor-element-30386a2d\" data-id=\"30386a2d\" data-element_type=\"column\" data-e-type=\"column\">\n\t\t\t<div class=\"elementor-widget-wrap elementor-element-populated\">\n\t\t\t\t\t\t<div class=\"elementor-element elementor-element-72e5a39 elementor-widget elementor-widget-spacer\" data-id=\"72e5a39\" data-element_type=\"widget\" data-e-type=\"widget\" data-widget_type=\"spacer.default\">\n\t\t\t\t<div class=\"elementor-widget-container\">\n\t\t\t\t\t\t\t<div class=\"elementor-spacer\">\n\t\t\t<div class=\"elementor-spacer-inner\"><\/div>\n\t\t<\/div>\n\t\t\t\t\t\t<\/div>\n\t\t\t\t<\/div>\n\t\t\t\t<div class=\"elementor-element elementor-element-505fad99 elementor-widget elementor-widget-heading\" data-id=\"505fad99\" data-element_type=\"widget\" data-e-type=\"widget\" data-widget_type=\"heading.default\">\n\t\t\t\t<div class=\"elementor-widget-container\">\n\t\t\t\t\t<h2 class=\"elementor-heading-title elementor-size-default\">Newspaper articles<\/h2>\t\t\t\t<\/div>\n\t\t\t\t<\/div>\n\t\t\t\t\t<\/div>\n\t\t<\/div>\n\t\t\t\t\t<\/div>\n\t\t<\/section>\n\t\t\t\t<section class=\"elementor-section elementor-top-section elementor-element elementor-element-7a982bd8 elementor-section-boxed elementor-section-height-default elementor-section-height-default\" data-id=\"7a982bd8\" data-element_type=\"section\" data-e-type=\"section\" data-settings=\"{&quot;background_background&quot;:&quot;classic&quot;}\">\n\t\t\t\t\t\t<div class=\"elementor-container elementor-column-gap-custom\">\n\t\t\t\t\t<div class=\"elementor-column elementor-col-100 elementor-top-column elementor-element elementor-element-329656bf\" data-id=\"329656bf\" data-element_type=\"column\" data-e-type=\"column\">\n\t\t\t<div class=\"elementor-widget-wrap elementor-element-populated\">\n\t\t\t\t\t\t<div class=\"elementor-element elementor-element-124e15d3 elementor-grid-3 elementor-grid-tablet-2 elementor-grid-mobile-1 elementor-posts--thumbnail-top elementor-card-shadow-yes elementor-posts__hover-gradient elementor-widget elementor-widget-posts\" data-id=\"124e15d3\" data-element_type=\"widget\" data-e-type=\"widget\" data-settings=\"{&quot;pagination_type&quot;:&quot;numbers_and_prev_next&quot;,&quot;cards_columns&quot;:&quot;3&quot;,&quot;cards_columns_tablet&quot;:&quot;2&quot;,&quot;cards_columns_mobile&quot;:&quot;1&quot;,&quot;cards_row_gap&quot;:{&quot;unit&quot;:&quot;px&quot;,&quot;size&quot;:35,&quot;sizes&quot;:[]},&quot;cards_row_gap_tablet&quot;:{&quot;unit&quot;:&quot;px&quot;,&quot;size&quot;:&quot;&quot;,&quot;sizes&quot;:[]},&quot;cards_row_gap_mobile&quot;:{&quot;unit&quot;:&quot;px&quot;,&quot;size&quot;:&quot;&quot;,&quot;sizes&quot;:[]}}\" data-widget_type=\"posts.cards\">\n\t\t\t\t<div class=\"elementor-widget-container\">\n\t\t\t\t\t\t\t<div class=\"elementor-posts-container elementor-posts elementor-posts--skin-cards elementor-grid\" role=\"list\">\n\t\t\t\t<article class=\"elementor-post elementor-grid-item post-729 post type-post status-publish format-standard has-post-thumbnail hentry category-article\" role=\"listitem\">\n\t\t\t<div class=\"elementor-post__card\">\n\t\t\t\t<a class=\"elementor-post__thumbnail__link\" href=\"https:\/\/benoitsurvivaliste.com\/en\/survivaliste\/\" tabindex=\"-1\" ><div class=\"elementor-post__thumbnail\"><img fetchpriority=\"high\" decoding=\"async\" width=\"923\" height=\"615\" src=\"https:\/\/benoitsurvivaliste.com\/wp-content\/uploads\/2023\/09\/lapresse.jpg\" class=\"attachment-full size-full wp-image-735\" alt=\"\" srcset=\"https:\/\/benoitsurvivaliste.com\/wp-content\/uploads\/2023\/09\/lapresse.jpg 923w, https:\/\/benoitsurvivaliste.com\/wp-content\/uploads\/2023\/09\/lapresse-300x200.jpg 300w, https:\/\/benoitsurvivaliste.com\/wp-content\/uploads\/2023\/09\/lapresse-768x512.jpg 768w, https:\/\/benoitsurvivaliste.com\/wp-content\/uploads\/2023\/09\/lapresse-18x12.jpg 18w\" sizes=\"(max-width: 923px) 100vw, 923px\" \/><\/div><\/a>\n\t\t\t\t<div class=\"elementor-post__text\">\n\t\t\t\t<h3 class=\"elementor-post__title\">\n\t\t\t<a href=\"https:\/\/benoitsurvivaliste.com\/en\/survivaliste\/\" >\n\t\t\t\tSurvivalist ready for all\t\t\t<\/a>\n\t\t<\/h3>\n\t\t\t\t<div class=\"elementor-post__excerpt\">\n\t\t\t<p>SURVIVALISTS READY FOR ANYTHING Often summarized as bunkers, stockpiles of canned goods, heavily armed individuals, and fears of the end of the world,<\/p>\n\t\t<\/div>\n\t\t\n\t\t<a class=\"elementor-post__read-more\" href=\"https:\/\/benoitsurvivaliste.com\/en\/survivaliste\/\" aria-label=\"Read more about Survivalistes pr\u00eats \u00e0 tout\" tabindex=\"-1\" >\n\t\t\tLearn More\t\t<\/a>\n\n\t\t\t\t<\/div>\n\t\t\t\t\t<\/div>\n\t\t<\/article>\n\t\t\t\t<article class=\"elementor-post elementor-grid-item post-748 post type-post status-publish format-standard has-post-thumbnail hentry category-article\" role=\"listitem\">\n\t\t\t<div class=\"elementor-post__card\">\n\t\t\t\t<a class=\"elementor-post__thumbnail__link\" href=\"https:\/\/benoitsurvivaliste.com\/en\/elementor-748\/\" tabindex=\"-1\" ><div class=\"elementor-post__thumbnail\"><img decoding=\"async\" width=\"800\" height=\"600\" src=\"https:\/\/benoitsurvivaliste.com\/wp-content\/uploads\/2023\/09\/le-journal-de-montreal.jpg\" class=\"attachment-full size-full wp-image-754\" alt=\"\" srcset=\"https:\/\/benoitsurvivaliste.com\/wp-content\/uploads\/2023\/09\/le-journal-de-montreal.jpg 800w, https:\/\/benoitsurvivaliste.com\/wp-content\/uploads\/2023\/09\/le-journal-de-montreal-300x225.jpg 300w, https:\/\/benoitsurvivaliste.com\/wp-content\/uploads\/2023\/09\/le-journal-de-montreal-768x576.jpg 768w, https:\/\/benoitsurvivaliste.com\/wp-content\/uploads\/2023\/09\/le-journal-de-montreal-16x12.jpg 16w\" sizes=\"(max-width: 800px) 100vw, 800px\" \/><\/div><\/a>\n\t\t\t\t<div class=\"elementor-post__text\">\n\t\t\t\t<h3 class=\"elementor-post__title\">\n\t\t\t<a href=\"https:\/\/benoitsurvivaliste.com\/en\/elementor-748\/\" >\n\t\t\t\tReady to do whatever it takes to survive in the event of a disaster.\t\t\t<\/a>\n\t\t<\/h3>\n\t\t\t\t<div class=\"elementor-post__excerpt\">\n\t\t\t<p>Quebec survivalists believe that the population should be self-sufficient for a few days in case of an outage. Too many Quebecers are not prepared to do so.<\/p>\n\t\t<\/div>\n\t\t\n\t\t<a class=\"elementor-post__read-more\" href=\"https:\/\/benoitsurvivaliste.com\/en\/elementor-748\/\" aria-label=\"Read more about Pr\u00eats \u00e0 tout pour survivre s\u2019il y a une catastrophe\" tabindex=\"-1\" >\n\t\t\tLearn More\t\t<\/a>\n\n\t\t\t\t<\/div>\n\t\t\t\t\t<\/div>\n\t\t<\/article>\n\t\t\t\t<article class=\"elementor-post elementor-grid-item post-1502 post type-post status-publish format-standard has-post-thumbnail hentry category-article\" role=\"listitem\">\n\t\t\t<div class=\"elementor-post__card\">\n\t\t\t\t<a class=\"elementor-post__thumbnail__link\" href=\"https:\/\/benoitsurvivaliste.com\/en\/vivre-selon-ses-convictions\/\" tabindex=\"-1\" ><div class=\"elementor-post__thumbnail\"><img decoding=\"async\" width=\"764\" height=\"498\" src=\"https:\/\/benoitsurvivaliste.com\/wp-content\/uploads\/2023\/10\/Screenshot-2026-03-29-at-4.56.14-PM.jpg\" class=\"attachment-full size-full wp-image-6549\" alt=\"\" srcset=\"https:\/\/benoitsurvivaliste.com\/wp-content\/uploads\/2023\/10\/Screenshot-2026-03-29-at-4.56.14-PM.jpg 764w, https:\/\/benoitsurvivaliste.com\/wp-content\/uploads\/2023\/10\/Screenshot-2026-03-29-at-4.56.14-PM-300x196.jpg 300w, https:\/\/benoitsurvivaliste.com\/wp-content\/uploads\/2023\/10\/Screenshot-2026-03-29-at-4.56.14-PM-18x12.jpg 18w, https:\/\/benoitsurvivaliste.com\/wp-content\/uploads\/2023\/10\/Screenshot-2026-03-29-at-4.56.14-PM-600x391.jpg 600w\" sizes=\"(max-width: 764px) 100vw, 764px\" \/><\/div><\/a>\n\t\t\t\t<div class=\"elementor-post__text\">\n\t\t\t\t<h3 class=\"elementor-post__title\">\n\t\t\t<a href=\"https:\/\/benoitsurvivaliste.com\/en\/vivre-selon-ses-convictions\/\" >\n\t\t\t\tLiving according to one's beliefs.\t\t\t<\/a>\n\t\t<\/h3>\n\t\t\t\t<div class=\"elementor-post__excerpt\">\n\t\t\t<p>EMMANUELLE PLANTE Television these days allows us to discover people who have chosen to live according to their convictions. While they sometimes attract attention<\/p>\n\t\t<\/div>\n\t\t\n\t\t<a class=\"elementor-post__read-more\" href=\"https:\/\/benoitsurvivaliste.com\/en\/vivre-selon-ses-convictions\/\" aria-label=\"Read more about Vivre selon ses convictions\" tabindex=\"-1\" >\n\t\t\tLearn More\t\t<\/a>\n\n\t\t\t\t<\/div>\n\t\t\t\t\t<\/div>\n\t\t<\/article>\n\t\t\t\t<article class=\"elementor-post elementor-grid-item post-890 post type-post status-publish format-standard has-post-thumbnail hentry category-article\" role=\"listitem\">\n\t\t\t<div class=\"elementor-post__card\">\n\t\t\t\t<a class=\"elementor-post__thumbnail__link\" href=\"https:\/\/benoitsurvivaliste.com\/en\/benoit-le-survivaliste-ou-comment-se-preparer-aux-evenements-inattendus\/\" tabindex=\"-1\" ><div class=\"elementor-post__thumbnail\"><img loading=\"lazy\" decoding=\"async\" width=\"2560\" height=\"1978\" src=\"https:\/\/benoitsurvivaliste.com\/wp-content\/uploads\/2023\/10\/chickens_le-journal-de-montreal-scaled.jpg\" class=\"attachment-full size-full wp-image-911\" alt=\"\" srcset=\"https:\/\/benoitsurvivaliste.com\/wp-content\/uploads\/2023\/10\/chickens_le-journal-de-montreal-scaled.jpg 2560w, https:\/\/benoitsurvivaliste.com\/wp-content\/uploads\/2023\/10\/chickens_le-journal-de-montreal-300x232.jpg 300w, https:\/\/benoitsurvivaliste.com\/wp-content\/uploads\/2023\/10\/chickens_le-journal-de-montreal-1024x791.jpg 1024w, https:\/\/benoitsurvivaliste.com\/wp-content\/uploads\/2023\/10\/chickens_le-journal-de-montreal-768x593.jpg 768w, https:\/\/benoitsurvivaliste.com\/wp-content\/uploads\/2023\/10\/chickens_le-journal-de-montreal-1536x1187.jpg 1536w, https:\/\/benoitsurvivaliste.com\/wp-content\/uploads\/2023\/10\/chickens_le-journal-de-montreal-2048x1583.jpg 2048w, https:\/\/benoitsurvivaliste.com\/wp-content\/uploads\/2023\/10\/chickens_le-journal-de-montreal-16x12.jpg 16w, https:\/\/benoitsurvivaliste.com\/wp-content\/uploads\/2023\/10\/chickens_le-journal-de-montreal-1320x1020.jpg 1320w\" sizes=\"(max-width: 2560px) 100vw, 2560px\" \/><\/div><\/a>\n\t\t\t\t<div class=\"elementor-post__text\">\n\t\t\t\t<h3 class=\"elementor-post__title\">\n\t\t\t<a href=\"https:\/\/benoitsurvivaliste.com\/en\/benoit-le-survivaliste-ou-comment-se-preparer-aux-evenements-inattendus\/\" >\n\t\t\t\tSurvivalists' lifestyle: \"it's a comfort insurance\"\t\t\t<\/a>\n\t\t<\/h3>\n\t\t\t\t<div class=\"elementor-post__excerpt\">\n\t\t\t<p>Fr\u00e9d\u00e9rique Gigu\u00e8re Thursday, April 9, 2020 01:00 As the number of people infected with the coronavirus continues to rise and some fear that<\/p>\n\t\t<\/div>\n\t\t\n\t\t<a class=\"elementor-post__read-more\" href=\"https:\/\/benoitsurvivaliste.com\/en\/benoit-le-survivaliste-ou-comment-se-preparer-aux-evenements-inattendus\/\" aria-label=\"Read more about Mode de vie des survivalistes: \u00abc\u2019est une assurance confort\u00bb\" tabindex=\"-1\" >\n\t\t\tLearn More\t\t<\/a>\n\n\t\t\t\t<\/div>\n\t\t\t\t\t<\/div>\n\t\t<\/article>\n\t\t\t\t<article class=\"elementor-post elementor-grid-item post-777 post type-post status-publish format-standard has-post-thumbnail hentry category-article\" role=\"listitem\">\n\t\t\t<div class=\"elementor-post__card\">\n\t\t\t\t<a class=\"elementor-post__thumbnail__link\" href=\"https:\/\/benoitsurvivaliste.com\/en\/survivalistes-prets-a-tout\/\" tabindex=\"-1\" ><div class=\"elementor-post__thumbnail\"><img loading=\"lazy\" decoding=\"async\" width=\"1080\" height=\"835\" src=\"https:\/\/benoitsurvivaliste.com\/wp-content\/uploads\/2023\/09\/2a_SURV_S01EP01_Chez_Benoit_Participant_seul_Benoit_02ce5b48b6-1fc9-4bb5-86a9-8f69bec39a60_ORIGINAL-2.jpg\" class=\"attachment-full size-full wp-image-801\" alt=\"\" srcset=\"https:\/\/benoitsurvivaliste.com\/wp-content\/uploads\/2023\/09\/2a_SURV_S01EP01_Chez_Benoit_Participant_seul_Benoit_02ce5b48b6-1fc9-4bb5-86a9-8f69bec39a60_ORIGINAL-2.jpg 1080w, https:\/\/benoitsurvivaliste.com\/wp-content\/uploads\/2023\/09\/2a_SURV_S01EP01_Chez_Benoit_Participant_seul_Benoit_02ce5b48b6-1fc9-4bb5-86a9-8f69bec39a60_ORIGINAL-2-300x232.jpg 300w, https:\/\/benoitsurvivaliste.com\/wp-content\/uploads\/2023\/09\/2a_SURV_S01EP01_Chez_Benoit_Participant_seul_Benoit_02ce5b48b6-1fc9-4bb5-86a9-8f69bec39a60_ORIGINAL-2-1024x792.jpg 1024w, https:\/\/benoitsurvivaliste.com\/wp-content\/uploads\/2023\/09\/2a_SURV_S01EP01_Chez_Benoit_Participant_seul_Benoit_02ce5b48b6-1fc9-4bb5-86a9-8f69bec39a60_ORIGINAL-2-768x594.jpg 768w, https:\/\/benoitsurvivaliste.com\/wp-content\/uploads\/2023\/09\/2a_SURV_S01EP01_Chez_Benoit_Participant_seul_Benoit_02ce5b48b6-1fc9-4bb5-86a9-8f69bec39a60_ORIGINAL-2-16x12.jpg 16w\" sizes=\"(max-width: 1080px) 100vw, 1080px\" \/><\/div><\/a>\n\t\t\t\t<div class=\"elementor-post__text\">\n\t\t\t\t<h3 class=\"elementor-post__title\">\n\t\t\t<a href=\"https:\/\/benoitsurvivaliste.com\/en\/survivalistes-prets-a-tout\/\" >\n\t\t\t\tSurvivalists | Ready for All\t\t\t<\/a>\n\t\t<\/h3>\n\t\t\t\t<div class=\"elementor-post__excerpt\">\n\t\t\t<p>Wednesday, February 19 at 7:30 PM, MOI ET CIE (Start) Marie-H\u00e9l\u00e8ne Goulet How many days could you survive at home in the middle of winter if<\/p>\n\t\t<\/div>\n\t\t\n\t\t<a class=\"elementor-post__read-more\" href=\"https:\/\/benoitsurvivaliste.com\/en\/survivalistes-prets-a-tout\/\" aria-label=\"Read more about Survivalistes | Pr\u00eats \u00e0 tout\" tabindex=\"-1\" >\n\t\t\tLearn More\t\t<\/a>\n\n\t\t\t\t<\/div>\n\t\t\t\t\t<\/div>\n\t\t<\/article>\n\t\t\t\t<article class=\"elementor-post elementor-grid-item post-805 post type-post status-publish format-standard has-post-thumbnail hentry category-article\" role=\"listitem\">\n\t\t\t<div class=\"elementor-post__card\">\n\t\t\t\t<a class=\"elementor-post__thumbnail__link\" href=\"https:\/\/benoitsurvivaliste.com\/en\/le-survivalisme-de-plus-en-plus-present-dans-nos-ecrans\/\" tabindex=\"-1\" ><div class=\"elementor-post__thumbnail\"><img loading=\"lazy\" decoding=\"async\" width=\"1080\" height=\"835\" src=\"https:\/\/benoitsurvivaliste.com\/wp-content\/uploads\/2023\/09\/MTL-PRESS.jpg\" class=\"attachment-full size-full wp-image-1524\" alt=\"\" srcset=\"https:\/\/benoitsurvivaliste.com\/wp-content\/uploads\/2023\/09\/MTL-PRESS.jpg 1080w, https:\/\/benoitsurvivaliste.com\/wp-content\/uploads\/2023\/09\/MTL-PRESS-300x232.jpg 300w, https:\/\/benoitsurvivaliste.com\/wp-content\/uploads\/2023\/09\/MTL-PRESS-1024x792.jpg 1024w, https:\/\/benoitsurvivaliste.com\/wp-content\/uploads\/2023\/09\/MTL-PRESS-768x594.jpg 768w, https:\/\/benoitsurvivaliste.com\/wp-content\/uploads\/2023\/09\/MTL-PRESS-16x12.jpg 16w\" sizes=\"(max-width: 1080px) 100vw, 1080px\" \/><\/div><\/a>\n\t\t\t\t<div class=\"elementor-post__text\">\n\t\t\t\t<h3 class=\"elementor-post__title\">\n\t\t\t<a href=\"https:\/\/benoitsurvivaliste.com\/en\/le-survivalisme-de-plus-en-plus-present-dans-nos-ecrans\/\" >\n\t\t\t\tSurvivalism: Increasingly Present on Our Screens\t\t\t<\/a>\n\t\t<\/h3>\n\t\t\t\t<div class=\"elementor-post__excerpt\">\n\t\t\t<p>According to Public Safety Canada, all citizens should be able to \"survive\" (or fend for themselves) for 72 hours. Why 72<\/p>\n\t\t<\/div>\n\t\t\n\t\t<a class=\"elementor-post__read-more\" href=\"https:\/\/benoitsurvivaliste.com\/en\/le-survivalisme-de-plus-en-plus-present-dans-nos-ecrans\/\" aria-label=\"Read more about Le survivalisme: de plus en plus pr\u00e9sent dans nos\u00a0\u00e9crans\" tabindex=\"-1\" >\n\t\t\tLearn More\t\t<\/a>\n\n\t\t\t\t<\/div>\n\t\t\t\t\t<\/div>\n\t\t<\/article>\n\t\t\t\t<\/div>\n\t\t\n\t\t\t\t<div class=\"e-load-more-anchor\" data-page=\"1\" data-max-page=\"3\" data-next-page=\"https:\/\/benoitsurvivaliste.com\/en\/wp-json\/wp\/v2\/pages\/40\/page\/2\/\"><\/div>\n\t\t\t\t<nav class=\"elementor-pagination\" aria-label=\"Pagination\">\n\t\t\t<span class=\"page-numbers prev\">&#x21d0;<\/span>\n<span aria-current=\"page\" class=\"page-numbers current\"><span class=\"elementor-screen-only\">Page<\/span>1<\/span>\n<a class=\"page-numbers\" href=\"https:\/\/benoitsurvivaliste.com\/en\/wp-json\/wp\/v2\/pages\/40\/page\/2\/\"><span class=\"elementor-screen-only\">Page<\/span>2<\/a>\n<a class=\"page-numbers\" href=\"https:\/\/benoitsurvivaliste.com\/en\/wp-json\/wp\/v2\/pages\/40\/page\/3\/\"><span class=\"elementor-screen-only\">Page<\/span>3<\/a>\n<a class=\"page-numbers next\" href=\"https:\/\/benoitsurvivaliste.com\/en\/wp-json\/wp\/v2\/pages\/40\/page\/2\/\">&#x21d2;<\/a>\t\t<\/nav>\n\t\t\t\t\t\t<\/div>\n\t\t\t\t<\/div>\n\t\t\t\t\t<\/div>\n\t\t<\/div>\n\t\t\t\t\t<\/div>\n\t\t<\/section>\n\t\t\t\t<section class=\"elementor-section elementor-top-section elementor-element elementor-element-75fd9fff elementor-section-boxed elementor-section-height-default elementor-section-height-default\" data-id=\"75fd9fff\" data-element_type=\"section\" data-e-type=\"section\" data-settings=\"{&quot;background_background&quot;:&quot;classic&quot;}\">\n\t\t\t\t\t\t<div class=\"elementor-container elementor-column-gap-default\">\n\t\t\t\t\t<div class=\"elementor-column elementor-col-100 elementor-top-column elementor-element elementor-element-2d40b6ab\" data-id=\"2d40b6ab\" data-element_type=\"column\" data-e-type=\"column\">\n\t\t\t<div class=\"elementor-widget-wrap elementor-element-populated\">\n\t\t\t\t\t\t<div class=\"elementor-element elementor-element-7161c4ae elementor-widget elementor-widget-spacer\" data-id=\"7161c4ae\" data-element_type=\"widget\" data-e-type=\"widget\" data-widget_type=\"spacer.default\">\n\t\t\t\t<div class=\"elementor-widget-container\">\n\t\t\t\t\t\t\t<div class=\"elementor-spacer\">\n\t\t\t<div class=\"elementor-spacer-inner\"><\/div>\n\t\t<\/div>\n\t\t\t\t\t\t<\/div>\n\t\t\t\t<\/div>\n\t\t\t\t\t<\/div>\n\t\t<\/div>\n\t\t\t\t\t<\/div>\n\t\t<\/section>\n\t\t\t\t<\/div>","protected":false},"excerpt":{"rendered":"<p>Newspaper articles<\/p>","protected":false},"author":1,"featured_media":0,"parent":0,"menu_order":0,"comment_status":"closed","ping_status":"closed","template":"","meta":{"_monsterinsights_skip_tracking":false,"_monsterinsights_sitenote_active":false,"_monsterinsights_sitenote_note":"","_monsterinsights_sitenote_category":0,"site-sidebar-layout":"no-sidebar","site-content-layout":"","ast-site-content-layout":"full-width-container","site-content-style":"default","site-sidebar-style":"default","ast-global-header-display":"","ast-banner-title-visibility":"","ast-main-header-display":"","ast-hfb-above-header-display":"","ast-hfb-below-header-display":"","ast-hfb-mobile-header-display":"","site-post-title":"disabled","ast-breadcrumbs-content":"","ast-featured-img":"disabled","footer-sml-layout":"","theme-transparent-header-meta":"","adv-header-id-meta":"","stick-header-meta":"","header-above-stick-meta":"","header-main-stick-meta":"","header-below-stick-meta":"","astra-migrate-meta-layouts":"","ast-page-background-enabled":"default","ast-page-background-meta":{"desktop":{"background-color":"var(--ast-global-color-4)","background-image":"","background-repeat":"repeat","background-position":"center center","background-size":"auto","background-attachment":"scroll","background-type":"","background-media":"","overlay-type":"","overlay-color":"","overlay-opacity":"","overlay-gradient":""},"tablet":{"background-color":"","background-image":"","background-repeat":"repeat","background-position":"center center","background-size":"auto","background-attachment":"scroll","background-type":"","background-media":"","overlay-type":"","overlay-color":"","overlay-opacity":"","overlay-gradient":""},"mobile":{"background-color":"","background-image":"","background-repeat":"repeat","background-position":"center center","background-size":"auto","background-attachment":"scroll","background-type":"","background-media":"","overlay-type":"","overlay-color":"","overlay-opacity":"","overlay-gradient":""}},"ast-content-background-meta":{"desktop":{"background-color":"var(--ast-global-color-5)","background-image":"","background-repeat":"repeat","background-position":"center center","background-size":"auto","background-attachment":"scroll","background-type":"","background-media":"","overlay-type":"","overlay-color":"","overlay-opacity":"","overlay-gradient":""},"tablet":{"background-color":"var(--ast-global-color-5)","background-image":"","background-repeat":"repeat","background-position":"center center","background-size":"auto","background-attachment":"scroll","background-type":"","background-media":"","overlay-type":"","overlay-color":"","overlay-opacity":"","overlay-gradient":""},"mobile":{"background-color":"var(--ast-global-color-5)","background-image":"","background-repeat":"repeat","background-position":"center center","background-size":"auto","background-attachment":"scroll","background-type":"","background-media":"","overlay-type":"","overlay-color":"","overlay-opacity":"","overlay-gradient":""}},"footnotes":""},"class_list":["post-40","page","type-page","status-publish","hentry"],"aioseo_notices":[],"_links":{"self":[{"href":"https:\/\/benoitsurvivaliste.com\/en\/wp-json\/wp\/v2\/pages\/40","targetHints":{"allow":["GET"]}}],"collection":[{"href":"https:\/\/benoitsurvivaliste.com\/en\/wp-json\/wp\/v2\/pages"}],"about":[{"href":"https:\/\/benoitsurvivaliste.com\/en\/wp-json\/wp\/v2\/types\/page"}],"author":[{"embeddable":true,"href":"https:\/\/benoitsurvivaliste.com\/en\/wp-json\/wp\/v2\/users\/1"}],"replies":[{"embeddable":true,"href":"https:\/\/benoitsurvivaliste.com\/en\/wp-json\/wp\/v2\/comments?post=40"}],"version-history":[{"count":25,"href":"https:\/\/benoitsurvivaliste.com\/en\/wp-json\/wp\/v2\/pages\/40\/revisions"}],"predecessor-version":[{"id":1652,"href":"https:\/\/benoitsurvivaliste.com\/en\/wp-json\/wp\/v2\/pages\/40\/revisions\/1652"}],"wp:attachment":[{"href":"https:\/\/benoitsurvivaliste.com\/en\/wp-json\/wp\/v2\/media?parent=40"}],"curies":[{"name":"wp","href":"https:\/\/api.w.org\/{rel}","templated":true}]}}