{"id":5745,"date":"2024-11-12T12:48:48","date_gmt":"2024-11-12T16:48:48","guid":{"rendered":"https:\/\/benoitsurvivaliste.com\/?page_id=5745"},"modified":"2025-05-06T15:30:14","modified_gmt":"2025-05-06T19:30:14","slug":"entretiens","status":"publish","type":"page","link":"https:\/\/benoitsurvivaliste.com\/en\/entretiens\/","title":{"rendered":"Entretiens"},"content":{"rendered":"<div data-elementor-type=\"wp-post\" data-elementor-id=\"5745\" class=\"elementor elementor-5745\" data-elementor-post-type=\"page\">\n\t\t\t\t\t\t<section class=\"elementor-section elementor-top-section elementor-element elementor-element-9d7dd2d elementor-section-stretched elementor-section-boxed elementor-section-height-default elementor-section-height-default\" data-id=\"9d7dd2d\" data-element_type=\"section\" data-e-type=\"section\" data-settings=\"{&quot;stretch_section&quot;:&quot;section-stretched&quot;,&quot;background_background&quot;:&quot;classic&quot;}\">\n\t\t\t\t\t\t<div class=\"elementor-container elementor-column-gap-default\">\n\t\t\t\t\t<div class=\"elementor-column elementor-col-100 elementor-top-column elementor-element elementor-element-34f4e8e\" data-id=\"34f4e8e\" data-element_type=\"column\" data-e-type=\"column\">\n\t\t\t<div class=\"elementor-widget-wrap elementor-element-populated\">\n\t\t\t\t\t\t<div class=\"elementor-element elementor-element-fa68eaa elementor-widget elementor-widget-spacer\" data-id=\"fa68eaa\" data-element_type=\"widget\" data-e-type=\"widget\" data-widget_type=\"spacer.default\">\n\t\t\t\t<div class=\"elementor-widget-container\">\n\t\t\t\t\t\t\t<div class=\"elementor-spacer\">\n\t\t\t<div class=\"elementor-spacer-inner\"><\/div>\n\t\t<\/div>\n\t\t\t\t\t\t<\/div>\n\t\t\t\t<\/div>\n\t\t\t\t<div class=\"elementor-element elementor-element-034d559 elementor-widget elementor-widget-heading\" data-id=\"034d559\" data-element_type=\"widget\" data-e-type=\"widget\" data-widget_type=\"heading.default\">\n\t\t\t\t<div class=\"elementor-widget-container\">\n\t\t\t\t\t<h2 class=\"elementor-heading-title elementor-size-default\">Vid\u00e9os entrevue<\/h2>\t\t\t\t<\/div>\n\t\t\t\t<\/div>\n\t\t\t\t\t<\/div>\n\t\t<\/div>\n\t\t\t\t\t<\/div>\n\t\t<\/section>\n\t\t\t\t<section class=\"elementor-section elementor-top-section elementor-element elementor-element-bf64d86 elementor-section-boxed elementor-section-height-default elementor-section-height-default\" data-id=\"bf64d86\" data-element_type=\"section\" data-e-type=\"section\" data-settings=\"{&quot;background_background&quot;:&quot;classic&quot;}\">\n\t\t\t\t\t\t<div class=\"elementor-container elementor-column-gap-custom\">\n\t\t\t\t\t<div class=\"elementor-column elementor-col-100 elementor-top-column elementor-element elementor-element-4b819b4\" data-id=\"4b819b4\" data-element_type=\"column\" data-e-type=\"column\">\n\t\t\t<div class=\"elementor-widget-wrap elementor-element-populated\">\n\t\t\t\t\t\t<div class=\"elementor-element elementor-element-1ce3bbd elementor-grid-3 elementor-grid-tablet-2 elementor-grid-mobile-1 elementor-posts--thumbnail-top elementor-card-shadow-yes elementor-posts__hover-gradient elementor-widget elementor-widget-posts\" data-id=\"1ce3bbd\" data-element_type=\"widget\" data-e-type=\"widget\" data-settings=\"{&quot;pagination_type&quot;:&quot;numbers_and_prev_next&quot;,&quot;cards_columns&quot;:&quot;3&quot;,&quot;cards_columns_tablet&quot;:&quot;2&quot;,&quot;cards_columns_mobile&quot;:&quot;1&quot;,&quot;cards_row_gap&quot;:{&quot;unit&quot;:&quot;px&quot;,&quot;size&quot;:35,&quot;sizes&quot;:[]},&quot;cards_row_gap_tablet&quot;:{&quot;unit&quot;:&quot;px&quot;,&quot;size&quot;:&quot;&quot;,&quot;sizes&quot;:[]},&quot;cards_row_gap_mobile&quot;:{&quot;unit&quot;:&quot;px&quot;,&quot;size&quot;:&quot;&quot;,&quot;sizes&quot;:[]}}\" data-widget_type=\"posts.cards\">\n\t\t\t\t<div class=\"elementor-widget-container\">\n\t\t\t\t\t\t\t<div class=\"elementor-posts-container elementor-posts elementor-posts--skin-cards elementor-grid\" role=\"list\">\n\t\t\t\t<article class=\"elementor-post elementor-grid-item post-6514 post type-post status-publish format-standard has-post-thumbnail hentry category-entretiens\" role=\"listitem\">\n\t\t\t<div class=\"elementor-post__card\">\n\t\t\t\t<a class=\"elementor-post__thumbnail__link\" href=\"https:\/\/benoitsurvivaliste.com\/en\/survivalisme-chirurgie-esthetique-et-tatouage\/\" tabindex=\"-1\" ><div class=\"elementor-post__thumbnail\"><img fetchpriority=\"high\" decoding=\"async\" width=\"764\" height=\"498\" src=\"https:\/\/benoitsurvivaliste.com\/wp-content\/uploads\/2026\/03\/preview-3.jpg\" class=\"attachment-full size-full wp-image-6543\" alt=\"\" srcset=\"https:\/\/benoitsurvivaliste.com\/wp-content\/uploads\/2026\/03\/preview-3.jpg 764w, https:\/\/benoitsurvivaliste.com\/wp-content\/uploads\/2026\/03\/preview-3-300x196.jpg 300w, https:\/\/benoitsurvivaliste.com\/wp-content\/uploads\/2026\/03\/preview-3-18x12.jpg 18w, https:\/\/benoitsurvivaliste.com\/wp-content\/uploads\/2026\/03\/preview-3-600x391.jpg 600w\" sizes=\"(max-width: 764px) 100vw, 764px\" \/><\/div><\/a>\n\t\t\t\t<div class=\"elementor-post__text\">\n\t\t\t\t<h3 class=\"elementor-post__title\">\n\t\t\t<a href=\"https:\/\/benoitsurvivaliste.com\/en\/survivalisme-chirurgie-esthetique-et-tatouage\/\" >\n\t\t\t\tSurvivalisme\t\t\t<\/a>\n\t\t<\/h3>\n\t\t\t\t<div class=\"elementor-post__excerpt\">\n\t\t\t<p>Une \u00e9poque formidable S2 \u00c9pisode 19\u00a0 On s&rsquo;int\u00e9resse au survivalisme. On explore un sc\u00e9nario d&rsquo;invasion du Canada par les \u00c9tats-Unis: ferait-on long feu? Tatouages, chirurgie<\/p>\n\t\t<\/div>\n\t\t\n\t\t<a class=\"elementor-post__read-more\" href=\"https:\/\/benoitsurvivaliste.com\/en\/survivalisme-chirurgie-esthetique-et-tatouage\/\" aria-label=\"Read more about Survivalisme\" tabindex=\"-1\" >\n\t\t\tLearn More\t\t<\/a>\n\n\t\t\t\t<\/div>\n\t\t\t\t\t<\/div>\n\t\t<\/article>\n\t\t\t\t<article class=\"elementor-post elementor-grid-item post-6472 post type-post status-publish format-standard has-post-thumbnail hentry category-entretiens category-youtube\" role=\"listitem\">\n\t\t\t<div class=\"elementor-post__card\">\n\t\t\t\t<a class=\"elementor-post__thumbnail__link\" href=\"https:\/\/benoitsurvivaliste.com\/en\/benoit-le-survivaliste-se-preparer-au-pire-hugo-sans-limite\/\" tabindex=\"-1\" ><div class=\"elementor-post__thumbnail\"><img decoding=\"async\" width=\"764\" height=\"498\" src=\"https:\/\/benoitsurvivaliste.com\/wp-content\/uploads\/2026\/01\/preview-one.jpg\" class=\"attachment-full size-full wp-image-6539\" alt=\"\" srcset=\"https:\/\/benoitsurvivaliste.com\/wp-content\/uploads\/2026\/01\/preview-one.jpg 764w, https:\/\/benoitsurvivaliste.com\/wp-content\/uploads\/2026\/01\/preview-one-300x196.jpg 300w, https:\/\/benoitsurvivaliste.com\/wp-content\/uploads\/2026\/01\/preview-one-18x12.jpg 18w, https:\/\/benoitsurvivaliste.com\/wp-content\/uploads\/2026\/01\/preview-one-600x391.jpg 600w\" sizes=\"(max-width: 764px) 100vw, 764px\" \/><\/div><\/a>\n\t\t\t\t<div class=\"elementor-post__text\">\n\t\t\t\t<h3 class=\"elementor-post__title\">\n\t\t\t<a href=\"https:\/\/benoitsurvivaliste.com\/en\/benoit-le-survivaliste-se-preparer-au-pire-hugo-sans-limite\/\" >\n\t\t\t\tBenoit le survivaliste &#8211; Se pr\u00e9parer au pire | HUGO SANS LIMITE\t\t\t<\/a>\n\t\t<\/h3>\n\t\t\t\t<div class=\"elementor-post__excerpt\">\n\t\t\t\t\t<\/div>\n\t\t\n\t\t<a class=\"elementor-post__read-more\" href=\"https:\/\/benoitsurvivaliste.com\/en\/benoit-le-survivaliste-se-preparer-au-pire-hugo-sans-limite\/\" aria-label=\"Read more about Benoit le survivaliste &#8211; Se pr\u00e9parer au pire | HUGO SANS LIMITE\" tabindex=\"-1\" >\n\t\t\tLearn More\t\t<\/a>\n\n\t\t\t\t<\/div>\n\t\t\t\t\t<\/div>\n\t\t<\/article>\n\t\t\t\t<article class=\"elementor-post elementor-grid-item post-6372 post type-post status-publish format-standard has-post-thumbnail hentry category-entretiens\" role=\"listitem\">\n\t\t\t<div class=\"elementor-post__card\">\n\t\t\t\t<a class=\"elementor-post__thumbnail__link\" href=\"https:\/\/benoitsurvivaliste.com\/en\/%f0%9f%aa%93-benoit-survivaliste-trucs-erreurs-et-conseils-pour-debuter-%f0%9f%94%a5\/\" tabindex=\"-1\" ><div class=\"elementor-post__thumbnail\"><img decoding=\"async\" width=\"764\" height=\"498\" src=\"https:\/\/benoitsurvivaliste.com\/wp-content\/uploads\/2025\/09\/preview-3.jpg\" class=\"attachment-full size-full wp-image-6541\" alt=\"\" srcset=\"https:\/\/benoitsurvivaliste.com\/wp-content\/uploads\/2025\/09\/preview-3.jpg 764w, https:\/\/benoitsurvivaliste.com\/wp-content\/uploads\/2025\/09\/preview-3-300x196.jpg 300w, https:\/\/benoitsurvivaliste.com\/wp-content\/uploads\/2025\/09\/preview-3-18x12.jpg 18w, https:\/\/benoitsurvivaliste.com\/wp-content\/uploads\/2025\/09\/preview-3-600x391.jpg 600w\" sizes=\"(max-width: 764px) 100vw, 764px\" \/><\/div><\/a>\n\t\t\t\t<div class=\"elementor-post__text\">\n\t\t\t\t<h3 class=\"elementor-post__title\">\n\t\t\t<a href=\"https:\/\/benoitsurvivaliste.com\/en\/%f0%9f%aa%93-benoit-survivaliste-trucs-erreurs-et-conseils-pour-debuter-%f0%9f%94%a5\/\" >\n\t\t\t\t\ud83e\ude93 Benoit survivaliste : trucs, erreurs et conseils pour d\u00e9buter \ud83d\udd25\t\t\t<\/a>\n\t\t<\/h3>\n\t\t\t\t<div class=\"elementor-post__excerpt\">\n\t\t\t<p>\ud83e\ude93 Benoit survivaliste : trucs, erreurs et conseils pour d\u00e9buter \ud83d\udd25<\/p>\n\t\t<\/div>\n\t\t\n\t\t<a class=\"elementor-post__read-more\" href=\"https:\/\/benoitsurvivaliste.com\/en\/%f0%9f%aa%93-benoit-survivaliste-trucs-erreurs-et-conseils-pour-debuter-%f0%9f%94%a5\/\" aria-label=\"Read more about \ud83e\ude93 Benoit survivaliste : trucs, erreurs et conseils pour d\u00e9buter \ud83d\udd25\" tabindex=\"-1\" >\n\t\t\tLearn More\t\t<\/a>\n\n\t\t\t\t<\/div>\n\t\t\t\t\t<\/div>\n\t\t<\/article>\n\t\t\t\t<article class=\"elementor-post elementor-grid-item post-6353 post type-post status-publish format-standard has-post-thumbnail hentry category-entretiens\" role=\"listitem\">\n\t\t\t<div class=\"elementor-post__card\">\n\t\t\t\t<a class=\"elementor-post__thumbnail__link\" href=\"https:\/\/benoitsurvivaliste.com\/en\/un-weekend-qui-change-une-vie\/\" tabindex=\"-1\" ><div class=\"elementor-post__thumbnail\"><img loading=\"lazy\" decoding=\"async\" width=\"764\" height=\"498\" src=\"https:\/\/benoitsurvivaliste.com\/wp-content\/uploads\/2025\/09\/Screenshot-2026-03-29-at-4.56.14-PM.jpg\" class=\"attachment-full size-full wp-image-6546\" alt=\"\" srcset=\"https:\/\/benoitsurvivaliste.com\/wp-content\/uploads\/2025\/09\/Screenshot-2026-03-29-at-4.56.14-PM.jpg 764w, https:\/\/benoitsurvivaliste.com\/wp-content\/uploads\/2025\/09\/Screenshot-2026-03-29-at-4.56.14-PM-300x196.jpg 300w, https:\/\/benoitsurvivaliste.com\/wp-content\/uploads\/2025\/09\/Screenshot-2026-03-29-at-4.56.14-PM-18x12.jpg 18w, https:\/\/benoitsurvivaliste.com\/wp-content\/uploads\/2025\/09\/Screenshot-2026-03-29-at-4.56.14-PM-600x391.jpg 600w\" sizes=\"(max-width: 764px) 100vw, 764px\" \/><\/div><\/a>\n\t\t\t\t<div class=\"elementor-post__text\">\n\t\t\t\t<h3 class=\"elementor-post__title\">\n\t\t\t<a href=\"https:\/\/benoitsurvivaliste.com\/en\/un-weekend-qui-change-une-vie\/\" >\n\t\t\t\tUn weekend qui change une vie!\t\t\t<\/a>\n\t\t<\/h3>\n\t\t\t\t<div class=\"elementor-post__excerpt\">\n\t\t\t<p>Un weekend qui change une vie! Radio entrevue<\/p>\n\t\t<\/div>\n\t\t\n\t\t<a class=\"elementor-post__read-more\" href=\"https:\/\/benoitsurvivaliste.com\/en\/un-weekend-qui-change-une-vie\/\" aria-label=\"Read more about Un weekend qui change une vie!\" tabindex=\"-1\" >\n\t\t\tLearn More\t\t<\/a>\n\n\t\t\t\t<\/div>\n\t\t\t\t\t<\/div>\n\t\t<\/article>\n\t\t\t\t<article class=\"elementor-post elementor-grid-item post-6276 post type-post status-publish format-standard has-post-thumbnail hentry category-entretiens\" role=\"listitem\">\n\t\t\t<div class=\"elementor-post__card\">\n\t\t\t\t<a class=\"elementor-post__thumbnail__link\" href=\"https:\/\/benoitsurvivaliste.com\/en\/benoit-survivaliste-ouellet-en-direct\/\" tabindex=\"-1\" ><div class=\"elementor-post__thumbnail\"><img loading=\"lazy\" decoding=\"async\" width=\"764\" height=\"498\" src=\"https:\/\/benoitsurvivaliste.com\/wp-content\/uploads\/2025\/07\/preview4-1.jpg\" class=\"attachment-full size-full wp-image-6545\" alt=\"\" srcset=\"https:\/\/benoitsurvivaliste.com\/wp-content\/uploads\/2025\/07\/preview4-1.jpg 764w, https:\/\/benoitsurvivaliste.com\/wp-content\/uploads\/2025\/07\/preview4-1-300x196.jpg 300w, https:\/\/benoitsurvivaliste.com\/wp-content\/uploads\/2025\/07\/preview4-1-18x12.jpg 18w, https:\/\/benoitsurvivaliste.com\/wp-content\/uploads\/2025\/07\/preview4-1-600x391.jpg 600w\" sizes=\"(max-width: 764px) 100vw, 764px\" \/><\/div><\/a>\n\t\t\t\t<div class=\"elementor-post__text\">\n\t\t\t\t<h3 class=\"elementor-post__title\">\n\t\t\t<a href=\"https:\/\/benoitsurvivaliste.com\/en\/benoit-survivaliste-ouellet-en-direct\/\" >\n\t\t\t\tBenoit Survivaliste, Ouellet en direct\t\t\t<\/a>\n\t\t<\/h3>\n\t\t\t\t<div class=\"elementor-post__excerpt\">\n\t\t\t<p>Radio entrevue<\/p>\n\t\t<\/div>\n\t\t\n\t\t<a class=\"elementor-post__read-more\" href=\"https:\/\/benoitsurvivaliste.com\/en\/benoit-survivaliste-ouellet-en-direct\/\" aria-label=\"Read more about Benoit Survivaliste, Ouellet en direct\" tabindex=\"-1\" >\n\t\t\tLearn More\t\t<\/a>\n\n\t\t\t\t<\/div>\n\t\t\t\t\t<\/div>\n\t\t<\/article>\n\t\t\t\t<article class=\"elementor-post elementor-grid-item post-5778 post type-post status-publish format-standard has-post-thumbnail hentry category-entretiens\" role=\"listitem\">\n\t\t\t<div class=\"elementor-post__card\">\n\t\t\t\t<a class=\"elementor-post__thumbnail__link\" href=\"https:\/\/benoitsurvivaliste.com\/en\/leau-cest-la-base-de-la-survie-avant-la-nourriture\/\" tabindex=\"-1\" ><div class=\"elementor-post__thumbnail\"><img loading=\"lazy\" decoding=\"async\" width=\"764\" height=\"498\" src=\"https:\/\/benoitsurvivaliste.com\/wp-content\/uploads\/2024\/11\/Screenshot-2026-03-29-at-4.56.14-PM.jpg\" class=\"attachment-full size-full wp-image-6547\" alt=\"\" srcset=\"https:\/\/benoitsurvivaliste.com\/wp-content\/uploads\/2024\/11\/Screenshot-2026-03-29-at-4.56.14-PM.jpg 764w, https:\/\/benoitsurvivaliste.com\/wp-content\/uploads\/2024\/11\/Screenshot-2026-03-29-at-4.56.14-PM-300x196.jpg 300w, https:\/\/benoitsurvivaliste.com\/wp-content\/uploads\/2024\/11\/Screenshot-2026-03-29-at-4.56.14-PM-18x12.jpg 18w, https:\/\/benoitsurvivaliste.com\/wp-content\/uploads\/2024\/11\/Screenshot-2026-03-29-at-4.56.14-PM-600x391.jpg 600w\" sizes=\"(max-width: 764px) 100vw, 764px\" \/><\/div><\/a>\n\t\t\t\t<div class=\"elementor-post__text\">\n\t\t\t\t<h3 class=\"elementor-post__title\">\n\t\t\t<a href=\"https:\/\/benoitsurvivaliste.com\/en\/leau-cest-la-base-de-la-survie-avant-la-nourriture\/\" >\n\t\t\t\tL\u2019eau, c\u2019est la base de la survie, avant la nourriture\t\t\t<\/a>\n\t\t<\/h3>\n\t\t\t\t<div class=\"elementor-post__excerpt\">\n\t\t\t<p>L\u2019eau, c\u2019est la base de la survie, avant la nourriture<\/p>\n\t\t<\/div>\n\t\t\n\t\t<a class=\"elementor-post__read-more\" href=\"https:\/\/benoitsurvivaliste.com\/en\/leau-cest-la-base-de-la-survie-avant-la-nourriture\/\" aria-label=\"Read more about L\u2019eau, c\u2019est la base de la survie, avant la nourriture\" tabindex=\"-1\" >\n\t\t\tLearn More\t\t<\/a>\n\n\t\t\t\t<\/div>\n\t\t\t\t\t<\/div>\n\t\t<\/article>\n\t\t\t\t<\/div>\n\t\t\n\t\t\t\t<div class=\"e-load-more-anchor\" data-page=\"1\" data-max-page=\"2\" data-next-page=\"https:\/\/benoitsurvivaliste.com\/en\/wp-json\/wp\/v2\/pages\/5745\/page\/2\/\"><\/div>\n\t\t\t\t<nav class=\"elementor-pagination\" aria-label=\"Pagination\">\n\t\t\t<span class=\"page-numbers prev\">&#x21d0;<\/span>\n<span aria-current=\"page\" class=\"page-numbers current\"><span class=\"elementor-screen-only\">Page<\/span>1<\/span>\n<a class=\"page-numbers\" href=\"https:\/\/benoitsurvivaliste.com\/en\/wp-json\/wp\/v2\/pages\/5745\/page\/2\/\"><span class=\"elementor-screen-only\">Page<\/span>2<\/a>\n<a class=\"page-numbers next\" href=\"https:\/\/benoitsurvivaliste.com\/en\/wp-json\/wp\/v2\/pages\/5745\/page\/2\/\">&#x21d2;<\/a>\t\t<\/nav>\n\t\t\t\t\t\t<\/div>\n\t\t\t\t<\/div>\n\t\t\t\t\t<\/div>\n\t\t<\/div>\n\t\t\t\t\t<\/div>\n\t\t<\/section>\n\t\t\t\t<section class=\"elementor-section elementor-top-section elementor-element elementor-element-97d9b3a elementor-section-boxed elementor-section-height-default elementor-section-height-default\" data-id=\"97d9b3a\" data-element_type=\"section\" data-e-type=\"section\" data-settings=\"{&quot;background_background&quot;:&quot;classic&quot;}\">\n\t\t\t\t\t\t<div class=\"elementor-container elementor-column-gap-default\">\n\t\t\t\t\t<div class=\"elementor-column elementor-col-100 elementor-top-column elementor-element elementor-element-de40697\" data-id=\"de40697\" data-element_type=\"column\" data-e-type=\"column\">\n\t\t\t<div class=\"elementor-widget-wrap elementor-element-populated\">\n\t\t\t\t\t\t<div class=\"elementor-element elementor-element-2f31f2c elementor-widget elementor-widget-spacer\" data-id=\"2f31f2c\" data-element_type=\"widget\" data-e-type=\"widget\" data-widget_type=\"spacer.default\">\n\t\t\t\t<div class=\"elementor-widget-container\">\n\t\t\t\t\t\t\t<div class=\"elementor-spacer\">\n\t\t\t<div class=\"elementor-spacer-inner\"><\/div>\n\t\t<\/div>\n\t\t\t\t\t\t<\/div>\n\t\t\t\t<\/div>\n\t\t\t\t\t<\/div>\n\t\t<\/div>\n\t\t\t\t\t<\/div>\n\t\t<\/section>\n\t\t\t\t<\/div>","protected":false},"excerpt":{"rendered":"<p>Vid\u00e9os entrevue<\/p>","protected":false},"author":1,"featured_media":0,"parent":0,"menu_order":0,"comment_status":"closed","ping_status":"closed","template":"","meta":{"_monsterinsights_skip_tracking":false,"_monsterinsights_sitenote_active":false,"_monsterinsights_sitenote_note":"","_monsterinsights_sitenote_category":0,"site-sidebar-layout":"no-sidebar","site-content-layout":"","ast-site-content-layout":"full-width-container","site-content-style":"default","site-sidebar-style":"default","ast-global-header-display":"","ast-banner-title-visibility":"","ast-main-header-display":"","ast-hfb-above-header-display":"","ast-hfb-below-header-display":"","ast-hfb-mobile-header-display":"","site-post-title":"disabled","ast-breadcrumbs-content":"","ast-featured-img":"disabled","footer-sml-layout":"","theme-transparent-header-meta":"","adv-header-id-meta":"","stick-header-meta":"","header-above-stick-meta":"","header-main-stick-meta":"","header-below-stick-meta":"","astra-migrate-meta-layouts":"default","ast-page-background-enabled":"default","ast-page-background-meta":{"desktop":{"background-color":"var(--ast-global-color-4)","background-image":"","background-repeat":"repeat","background-position":"center center","background-size":"auto","background-attachment":"scroll","background-type":"","background-media":"","overlay-type":"","overlay-color":"","overlay-opacity":"","overlay-gradient":""},"tablet":{"background-color":"","background-image":"","background-repeat":"repeat","background-position":"center center","background-size":"auto","background-attachment":"scroll","background-type":"","background-media":"","overlay-type":"","overlay-color":"","overlay-opacity":"","overlay-gradient":""},"mobile":{"background-color":"","background-image":"","background-repeat":"repeat","background-position":"center center","background-size":"auto","background-attachment":"scroll","background-type":"","background-media":"","overlay-type":"","overlay-color":"","overlay-opacity":"","overlay-gradient":""}},"ast-content-background-meta":{"desktop":{"background-color":"var(--ast-global-color-5)","background-image":"","background-repeat":"repeat","background-position":"center center","background-size":"auto","background-attachment":"scroll","background-type":"","background-media":"","overlay-type":"","overlay-color":"","overlay-opacity":"","overlay-gradient":""},"tablet":{"background-color":"var(--ast-global-color-5)","background-image":"","background-repeat":"repeat","background-position":"center center","background-size":"auto","background-attachment":"scroll","background-type":"","background-media":"","overlay-type":"","overlay-color":"","overlay-opacity":"","overlay-gradient":""},"mobile":{"background-color":"var(--ast-global-color-5)","background-image":"","background-repeat":"repeat","background-position":"center center","background-size":"auto","background-attachment":"scroll","background-type":"","background-media":"","overlay-type":"","overlay-color":"","overlay-opacity":"","overlay-gradient":""}},"footnotes":""},"class_list":["post-5745","page","type-page","status-publish","hentry"],"aioseo_notices":[],"_links":{"self":[{"href":"https:\/\/benoitsurvivaliste.com\/en\/wp-json\/wp\/v2\/pages\/5745","targetHints":{"allow":["GET"]}}],"collection":[{"href":"https:\/\/benoitsurvivaliste.com\/en\/wp-json\/wp\/v2\/pages"}],"about":[{"href":"https:\/\/benoitsurvivaliste.com\/en\/wp-json\/wp\/v2\/types\/page"}],"author":[{"embeddable":true,"href":"https:\/\/benoitsurvivaliste.com\/en\/wp-json\/wp\/v2\/users\/1"}],"replies":[{"embeddable":true,"href":"https:\/\/benoitsurvivaliste.com\/en\/wp-json\/wp\/v2\/comments?post=5745"}],"version-history":[{"count":7,"href":"https:\/\/benoitsurvivaliste.com\/en\/wp-json\/wp\/v2\/pages\/5745\/revisions"}],"predecessor-version":[{"id":6183,"href":"https:\/\/benoitsurvivaliste.com\/en\/wp-json\/wp\/v2\/pages\/5745\/revisions\/6183"}],"wp:attachment":[{"href":"https:\/\/benoitsurvivaliste.com\/en\/wp-json\/wp\/v2\/media?parent=5745"}],"curies":[{"name":"wp","href":"https:\/\/api.w.org\/{rel}","templated":true}]}}